{"id":184,"date":"2024-03-07T05:11:27","date_gmt":"2024-03-07T05:11:27","guid":{"rendered":"https:\/\/garageblogec.com\/?page_id=184"},"modified":"2024-04-26T02:26:59","modified_gmt":"2024-04-26T02:26:59","slug":"front-page","status":"publish","type":"page","link":"https:\/\/garageblogec.com\/","title":{"rendered":"Front Page"},"content":{"rendered":"<div class=\"style-198 style-local-184-c1 position-relative\" data-colibri-id=\"184-c1\">\n<div id=\"blog\" class=\"h-section h-section-global-spacing d-flex align-items-lg-center align-items-md-center align-items-center style-274 style-local-184-c2 position-relative\" data-colibri-component=\"section\" data-colibri-id=\"184-c2\">\n<div class=\"h-section-grid-container h-section-boxed-container\">\n<div class=\"h-row-container gutters-row-lg-2 gutters-row-md-2 gutters-row-2 gutters-row-v-lg-2 gutters-row-v-md-2 gutters-row-v-2 style-288 style-local-184-c16 position-relative\" data-colibri-id=\"184-c16\">\n<div class=\"h-row justify-content-lg-center justify-content-md-center justify-content-center align-items-lg-stretch align-items-md-stretch align-items-stretch gutters-col-lg-2 gutters-col-md-2 gutters-col-2 gutters-col-v-lg-2 gutters-col-v-md-2 gutters-col-v-2\">\n<div class=\"h-column h-column-container d-flex h-col-lg-auto h-col-md-auto h-col-auto style-289-outer style-local-184-c17-outer\">\n<div class=\"d-flex h-flex-basis h-column__inner h-px-lg-2 h-px-md-2 h-px-2 v-inner-lg-2 v-inner-md-2 v-inner-2 style-289 style-local-184-c17 position-relative\" data-colibri-id=\"184-c17\">\n<div class=\"w-100 h-y-container h-column__content h-column__v-align flex-basis-100 align-self-lg-start align-self-md-start align-self-start\">\n<div class=\"h-global-transition-all h-heading style-290 style-local-184-c18 position-relative h-element\" data-colibri-id=\"184-c18\">\n<div class=\"h-heading__outer style-290 style-local-184-c18\">\n<h2 class=\"\">BLOG<\/h2>\n<\/div>\n<\/div>\n<\/div>\n<\/div>\n<\/div>\n<\/div>\n<\/div>\n<\/div>\n<\/div>\n<\/div>\n\n<div class='pt-cv-wrapper'> <h3 class='pt-cv-heading-container heading3' data-blockid='uohnui3w'><span class='pt-cv-heading'> Recommended <\/span><\/h3><div class=\"pt-cv-view pt-cv-overlaygrid iscvblock iscvreal overlay5 layout1\" id=\"pt-cv-view-uohnui3w\"><div data-id=\"pt-cv-page-1\" class=\"pt-cv-page\" data-cvc=\"4\"><div class=\" pt-cv-content-item pt-cv-1-col cv-main-post\" ><div class=\"pt-cv-thumb-wrapper  \"><a href=\"https:\/\/garageblogec.com\/?p=3276\" class=\"_self pt-cv-href-thumbnail pt-cv-thumb-default\" target=\"_self\" ><img fetchpriority=\"high\" decoding=\"async\" width=\"745\" height=\"491\" src=\"https:\/\/garageblogec.com\/wp-content\/uploads\/2026\/04\/TT.png\" class=\"pt-cv-thumbnail\" alt=\"\" \/><\/a><\/div>\n<div class=\"pt-cv-overlay-wrapper\"><h4 class=\"pt-cv-title\"><a href=\"https:\/\/garageblogec.com\/?p=3276\" class=\"_self\" target=\"_self\" >Lluvias en Ecuador: C\u00f3mo reducir riesgos en carretera y prevenir accidentes en calzada mojada<\/a><\/h4><div class=\"pt-cv-meta-fields\"><span class=\"entry-date\"> <time datetime=\"2026-04-07T19:46:52+00:00\">abril 7, 2026<\/time><\/span><span> \/ <\/span><span class=\"author\"> <a href=\"https:\/\/garageblogec.com\/?author=6\" rel=\"author\">gabi1212<\/a><\/span><\/div><\/div><\/div>\n<div class=\" pt-cv-content-item pt-cv-1-col\" ><div class=\"pt-cv-thumb-wrapper  miniwrap\"><a href=\"https:\/\/garageblogec.com\/?p=3272\" class=\"_self pt-cv-href-thumbnail pt-cv-thumb-default\" target=\"_self\" ><img decoding=\"async\" width=\"768\" height=\"512\" src=\"https:\/\/garageblogec.com\/wp-content\/uploads\/2026\/04\/WhatsApp-Image-2026-04-01-at-11.23.53-AM-768x512.jpeg\" class=\"pt-cv-thumbnail pt-cv-thumbnailsm\" alt=\"\" \/><\/a><\/div>\n<div class=\"pt-cv-overlay-wrapper\"><h4 class=\"pt-cv-title pt-cv-titlesm\"><a href=\"https:\/\/garageblogec.com\/?p=3272\" class=\"_self\" target=\"_self\" >METROCAR REALIZ\u00d3 CON \u00c9XITO \u201cELECTRIC MOVE\u201d Y CONSOLIDA SU APUESTA POR LA MOVILIDAD EL\u00c9CTRICA EN ECUADOR<\/a><\/h4><div class=\"pt-cv-meta-fields\"><span class=\"entry-date\"> <time datetime=\"2026-04-07T19:42:40+00:00\">abril 7, 2026<\/time><\/span><span> \/ <\/span><span class=\"author\"> <a href=\"https:\/\/garageblogec.com\/?author=6\" rel=\"author\">gabi1212<\/a><\/span><\/div><\/div><\/div>\n<div class=\" pt-cv-content-item pt-cv-1-col\" ><div class=\"pt-cv-thumb-wrapper  miniwrap\"><a href=\"https:\/\/garageblogec.com\/?p=3267\" class=\"_self pt-cv-href-thumbnail pt-cv-thumb-default\" target=\"_self\" ><img decoding=\"async\" width=\"768\" height=\"430\" src=\"https:\/\/garageblogec.com\/wp-content\/uploads\/2026\/03\/2-FOTO--768x430.png\" class=\"pt-cv-thumbnail pt-cv-thumbnailsm\" alt=\"\" \/><\/a><\/div>\n<div class=\"pt-cv-overlay-wrapper\"><h4 class=\"pt-cv-title pt-cv-titlesm\"><a href=\"https:\/\/garageblogec.com\/?p=3267\" class=\"_self\" target=\"_self\" >Kia y The Ocean Cleanup fortalecen operaciones para acelerar la recolecci\u00f3n de pl\u00e1stico en r\u00edos de Guatemala<\/a><\/h4><div class=\"pt-cv-meta-fields\"><span class=\"entry-date\"> <time datetime=\"2026-03-30T20:28:16+00:00\">marzo 30, 2026<\/time><\/span><span> \/ <\/span><span class=\"author\"> <a href=\"https:\/\/garageblogec.com\/?author=6\" rel=\"author\">gabi1212<\/a><\/span><\/div><\/div><\/div>\n<div class=\" pt-cv-content-item pt-cv-1-col\" ><div class=\"pt-cv-thumb-wrapper  miniwrap\"><a href=\"https:\/\/garageblogec.com\/?p=3259\" class=\"_self pt-cv-href-thumbnail pt-cv-thumb-default\" target=\"_self\" ><img loading=\"lazy\" decoding=\"async\" width=\"768\" height=\"512\" src=\"https:\/\/garageblogec.com\/wp-content\/uploads\/2026\/03\/woman-buckles-up-safety-belt-car.jpg-2-768x512.jpeg\" class=\"pt-cv-thumbnail pt-cv-thumbnailsm\" alt=\"\" \/><\/a><\/div>\n<div class=\"pt-cv-overlay-wrapper\"><h4 class=\"pt-cv-title pt-cv-titlesm\"><a href=\"https:\/\/garageblogec.com\/?p=3259\" class=\"_self\" target=\"_self\" >Movilidad segura tambi\u00e9n es equidad: datos que transforman la conversaci\u00f3n en el Mes de la Mujer<\/a><\/h4><div class=\"pt-cv-meta-fields\"><span class=\"entry-date\"> <time datetime=\"2026-03-30T20:22:17+00:00\">marzo 30, 2026<\/time><\/span><span> \/ <\/span><span class=\"author\"> <a href=\"https:\/\/garageblogec.com\/?author=6\" rel=\"author\">gabi1212<\/a><\/span><\/div><\/div><\/div>\n<div class=\" pt-cv-content-item pt-cv-1-col\" ><div class=\"pt-cv-thumb-wrapper  miniwrap\"><a href=\"https:\/\/garageblogec.com\/?p=3255\" class=\"_self pt-cv-href-thumbnail pt-cv-thumb-default\" target=\"_self\" ><img loading=\"lazy\" decoding=\"async\" width=\"768\" height=\"512\" src=\"https:\/\/garageblogec.com\/wp-content\/uploads\/2026\/03\/WhatsApp-Image-2026-03-10-at-10.10.54-AM-1-768x512.jpeg\" class=\"pt-cv-thumbnail pt-cv-thumbnailsm\" alt=\"\" \/><\/a><\/div>\n<div class=\"pt-cv-overlay-wrapper\"><h4 class=\"pt-cv-title pt-cv-titlesm\"><a href=\"https:\/\/garageblogec.com\/?p=3255\" class=\"_self\" target=\"_self\" >C\u00f3mo adaptar el mantenimiento de camiones seg\u00fan el tipo de operaci\u00f3n y evitar fallas en momentos cr\u00edticos<\/a><\/h4><div class=\"pt-cv-meta-fields\"><span class=\"entry-date\"> <time datetime=\"2026-03-30T20:10:19+00:00\">marzo 30, 2026<\/time><\/span><span> \/ <\/span><span class=\"author\"> <a href=\"https:\/\/garageblogec.com\/?author=6\" rel=\"author\">gabi1212<\/a><\/span><\/div><\/div><\/div><\/div><\/div> <\/div> <style>\n#pt-cv-view-uohnui3w {text-align: center}#pt-cv-view-uohnui3w .pt-cv-thumb-wrapper {margin-left: auto; margin-right: auto;}#pt-cv-view-uohnui3w .pt-cv-thumb-wrapper::before {background: rgba(0,0,0,.4); opacity: 0.8;}#pt-cv-view-uohnui3w .pt-cv-overlay-wrapper {justify-content: center;}\n#pt-cv-view-uohnui3w .pt-cv-meta-fields {  }#pt-cv-view-uohnui3w .pt-cv-meta-fields * { font-size: 13px; }#pt-cv-view-uohnui3w .pt-cv-title a { display: block; }#pt-cv-view-uohnui3w .pt-cv-title:not(.pt-cv-titlesm) a { font-weight: 600;text-decoration: none;font-size: 26px; }#pt-cv-view-uohnui3w .pt-cv-titlesm a { font-weight: 600;font-size: 20px; }#pt-cv-view-uohnui3w .pt-cv-content { font-size: 15px; }#pt-cv-view-uohnui3w .pt-cv-rmwrap {  }#pt-cv-view-uohnui3w .pt-cv-readmore { color: #fff;background-color: #0075ff;font-size: 14px; }#pt-cv-view-uohnui3w .pt-cv-taxoterm { margin: 0px 0px 20px 0px; }#pt-cv-view-uohnui3w .pt-cv-taxoterm * { color: #222;background-color: #fff6f6;font-size: 14px; }#pt-cv-view-uohnui3w + .pt-cv-pagination-wrapper {  }#pt-cv-view-uohnui3w + .pt-cv-pagination-wrapper a { font-size: 14px; }#pt-cv-view-uohnui3w > .pt-cv-page {grid-template-columns: repeat(4, 1fr);grid-auto-rows: 250px;grid-gap: 10px;}#pt-cv-view-uohnui3w:not(.layout1) { opacity: 0; height: calc(250px * 2); }\n@media all and (max-width: 1024px) { \n#pt-cv-view-uohnui3w > .pt-cv-page {grid-template-columns: repeat(4, 1fr);}#pt-cv-view-uohnui3w:not(.layout1) { opacity: 0; height: calc( * 2); }\n} \n@media all and (max-width: 767px) { \n#pt-cv-view-uohnui3w > .pt-cv-page {grid-template-columns: repeat(1, 1fr);}#pt-cv-view-uohnui3w:not(.layout1) { opacity: 0; height: calc( * 2); }\n} <\/style>","protected":false},"excerpt":{"rendered":"<p>BLOG<\/p>\n","protected":false},"author":6,"featured_media":0,"parent":186,"menu_order":0,"comment_status":"closed","ping_status":"closed","template":"page-templates\/homepage.php","meta":{"footnotes":""},"class_list":["post-184","page","type-page","status-publish","hentry"],"yoast_head":"<!-- This site is optimized with the Yoast SEO plugin v27.3 - https:\/\/yoast.com\/product\/yoast-seo-wordpress\/ -->\n<title>Front Page - Garage Blog Ecuador<\/title>\n<meta name=\"robots\" content=\"index, follow, max-snippet:-1, max-image-preview:large, max-video-preview:-1\" \/>\n<link rel=\"canonical\" href=\"https:\/\/garageblogec.com\/\" \/>\n<meta property=\"og:locale\" content=\"es_ES\" \/>\n<meta property=\"og:type\" content=\"article\" \/>\n<meta property=\"og:title\" content=\"Front Page - Garage Blog Ecuador\" \/>\n<meta property=\"og:description\" content=\"BLOG\" \/>\n<meta property=\"og:url\" content=\"https:\/\/garageblogec.com\/\" \/>\n<meta property=\"og:site_name\" content=\"Garage Blog Ecuador\" \/>\n<meta property=\"article:modified_time\" content=\"2024-04-26T02:26:59+00:00\" \/>\n<meta name=\"twitter:card\" content=\"summary_large_image\" \/>\n<meta name=\"twitter:label1\" content=\"Tiempo de lectura\" \/>\n\t<meta name=\"twitter:data1\" content=\"1 minuto\" \/>\n<script type=\"application\/ld+json\" class=\"yoast-schema-graph\">{\"@context\":\"https:\\\/\\\/schema.org\",\"@graph\":[{\"@type\":\"WebPage\",\"@id\":\"https:\\\/\\\/garageblogec.com\\\/\",\"url\":\"https:\\\/\\\/garageblogec.com\\\/\",\"name\":\"Front Page - Garage Blog Ecuador\",\"isPartOf\":{\"@id\":\"https:\\\/\\\/garageblogec.com\\\/#website\"},\"datePublished\":\"2024-03-07T05:11:27+00:00\",\"dateModified\":\"2024-04-26T02:26:59+00:00\",\"breadcrumb\":{\"@id\":\"https:\\\/\\\/garageblogec.com\\\/#breadcrumb\"},\"inLanguage\":\"es\",\"potentialAction\":[{\"@type\":\"ReadAction\",\"target\":[\"https:\\\/\\\/garageblogec.com\\\/\"]}]},{\"@type\":\"BreadcrumbList\",\"@id\":\"https:\\\/\\\/garageblogec.com\\\/#breadcrumb\",\"itemListElement\":[{\"@type\":\"ListItem\",\"position\":1,\"name\":\"Portada\",\"item\":\"https:\\\/\\\/garageblogec.com\\\/\"},{\"@type\":\"ListItem\",\"position\":2,\"name\":\"Blog\",\"item\":\"https:\\\/\\\/garageblogec.com\\\/?page_id=186\"},{\"@type\":\"ListItem\",\"position\":3,\"name\":\"Front Page\"}]},{\"@type\":\"WebSite\",\"@id\":\"https:\\\/\\\/garageblogec.com\\\/#website\",\"url\":\"https:\\\/\\\/garageblogec.com\\\/\",\"name\":\"Garage Blog Ecuador\",\"description\":\"Alucinamos por los autos \",\"publisher\":{\"@id\":\"https:\\\/\\\/garageblogec.com\\\/#organization\"},\"potentialAction\":[{\"@type\":\"SearchAction\",\"target\":{\"@type\":\"EntryPoint\",\"urlTemplate\":\"https:\\\/\\\/garageblogec.com\\\/?s={search_term_string}\"},\"query-input\":{\"@type\":\"PropertyValueSpecification\",\"valueRequired\":true,\"valueName\":\"search_term_string\"}}],\"inLanguage\":\"es\"},{\"@type\":\"Organization\",\"@id\":\"https:\\\/\\\/garageblogec.com\\\/#organization\",\"name\":\"Garage Blog Ecuador\",\"url\":\"https:\\\/\\\/garageblogec.com\\\/\",\"logo\":{\"@type\":\"ImageObject\",\"inLanguage\":\"es\",\"@id\":\"https:\\\/\\\/garageblogec.com\\\/#\\\/schema\\\/logo\\\/image\\\/\",\"url\":\"https:\\\/\\\/garageblogec.com\\\/wp-content\\\/uploads\\\/2024\\\/02\\\/cropped-logo-png-para-blog.webp\",\"contentUrl\":\"https:\\\/\\\/garageblogec.com\\\/wp-content\\\/uploads\\\/2024\\\/02\\\/cropped-logo-png-para-blog.webp\",\"width\":840,\"height\":556,\"caption\":\"Garage Blog Ecuador \"},\"image\":{\"@id\":\"https:\\\/\\\/garageblogec.com\\\/#\\\/schema\\\/logo\\\/image\\\/\"}}]}<\/script>\n<!-- \/ Yoast SEO plugin. -->","yoast_head_json":{"title":"Front Page - Garage Blog Ecuador","robots":{"index":"index","follow":"follow","max-snippet":"max-snippet:-1","max-image-preview":"max-image-preview:large","max-video-preview":"max-video-preview:-1"},"canonical":"https:\/\/garageblogec.com\/","og_locale":"es_ES","og_type":"article","og_title":"Front Page - Garage Blog Ecuador","og_description":"BLOG","og_url":"https:\/\/garageblogec.com\/","og_site_name":"Garage Blog Ecuador","article_modified_time":"2024-04-26T02:26:59+00:00","twitter_card":"summary_large_image","twitter_misc":{"Tiempo de lectura":"1 minuto"},"schema":{"@context":"https:\/\/schema.org","@graph":[{"@type":"WebPage","@id":"https:\/\/garageblogec.com\/","url":"https:\/\/garageblogec.com\/","name":"Front Page - Garage Blog Ecuador","isPartOf":{"@id":"https:\/\/garageblogec.com\/#website"},"datePublished":"2024-03-07T05:11:27+00:00","dateModified":"2024-04-26T02:26:59+00:00","breadcrumb":{"@id":"https:\/\/garageblogec.com\/#breadcrumb"},"inLanguage":"es","potentialAction":[{"@type":"ReadAction","target":["https:\/\/garageblogec.com\/"]}]},{"@type":"BreadcrumbList","@id":"https:\/\/garageblogec.com\/#breadcrumb","itemListElement":[{"@type":"ListItem","position":1,"name":"Portada","item":"https:\/\/garageblogec.com\/"},{"@type":"ListItem","position":2,"name":"Blog","item":"https:\/\/garageblogec.com\/?page_id=186"},{"@type":"ListItem","position":3,"name":"Front Page"}]},{"@type":"WebSite","@id":"https:\/\/garageblogec.com\/#website","url":"https:\/\/garageblogec.com\/","name":"Garage Blog Ecuador","description":"Alucinamos por los autos ","publisher":{"@id":"https:\/\/garageblogec.com\/#organization"},"potentialAction":[{"@type":"SearchAction","target":{"@type":"EntryPoint","urlTemplate":"https:\/\/garageblogec.com\/?s={search_term_string}"},"query-input":{"@type":"PropertyValueSpecification","valueRequired":true,"valueName":"search_term_string"}}],"inLanguage":"es"},{"@type":"Organization","@id":"https:\/\/garageblogec.com\/#organization","name":"Garage Blog Ecuador","url":"https:\/\/garageblogec.com\/","logo":{"@type":"ImageObject","inLanguage":"es","@id":"https:\/\/garageblogec.com\/#\/schema\/logo\/image\/","url":"https:\/\/garageblogec.com\/wp-content\/uploads\/2024\/02\/cropped-logo-png-para-blog.webp","contentUrl":"https:\/\/garageblogec.com\/wp-content\/uploads\/2024\/02\/cropped-logo-png-para-blog.webp","width":840,"height":556,"caption":"Garage Blog Ecuador "},"image":{"@id":"https:\/\/garageblogec.com\/#\/schema\/logo\/image\/"}}]}},"jetpack_sharing_enabled":true,"_links":{"self":[{"href":"https:\/\/garageblogec.com\/index.php?rest_route=\/wp\/v2\/pages\/184","targetHints":{"allow":["GET"]}}],"collection":[{"href":"https:\/\/garageblogec.com\/index.php?rest_route=\/wp\/v2\/pages"}],"about":[{"href":"https:\/\/garageblogec.com\/index.php?rest_route=\/wp\/v2\/types\/page"}],"author":[{"embeddable":true,"href":"https:\/\/garageblogec.com\/index.php?rest_route=\/wp\/v2\/users\/6"}],"replies":[{"embeddable":true,"href":"https:\/\/garageblogec.com\/index.php?rest_route=%2Fwp%2Fv2%2Fcomments&post=184"}],"version-history":[{"count":32,"href":"https:\/\/garageblogec.com\/index.php?rest_route=\/wp\/v2\/pages\/184\/revisions"}],"predecessor-version":[{"id":2476,"href":"https:\/\/garageblogec.com\/index.php?rest_route=\/wp\/v2\/pages\/184\/revisions\/2476"}],"up":[{"embeddable":true,"href":"https:\/\/garageblogec.com\/index.php?rest_route=\/wp\/v2\/pages\/186"}],"wp:attachment":[{"href":"https:\/\/garageblogec.com\/index.php?rest_route=%2Fwp%2Fv2%2Fmedia&parent=184"}],"curies":[{"name":"wp","href":"https:\/\/api.w.org\/{rel}","templated":true}]}}